{"id":422,"date":"2024-06-11T17:51:15","date_gmt":"2024-06-11T17:51:15","guid":{"rendered":"https:\/\/auroraw.kinsta.cloud\/?post_type=product&#038;p=422"},"modified":"2024-08-26T21:09:42","modified_gmt":"2024-08-26T21:09:42","slug":"white-river-rock-medium","status":"publish","type":"product","link":"https:\/\/aurorastoneandgravel.com\/es\/product\/white-river-rock-medium\/","title":{"rendered":"Roca de R\u00edo Blanca Mediana"},"content":{"rendered":"<p>El mejor tama\u00f1o para zonas con mucho uso de sopladores de hojas; el tama\u00f1o m\u00e1s com\u00fan para este tipo de roca.<\/p>","protected":false},"featured_media":421,"template":"","meta":{"_acf_changed":true},"categories":[6,9],"class_list":["post-422","product","type-product","status-publish","has-post-thumbnail","hentry","category-rock-gravel","category-white-river-rock"],"acf":[],"_links":{"self":[{"href":"https:\/\/aurorastoneandgravel.com\/es\/wp-json\/wp\/v2\/product\/422","targetHints":{"allow":["GET"]}}],"collection":[{"href":"https:\/\/aurorastoneandgravel.com\/es\/wp-json\/wp\/v2\/product"}],"about":[{"href":"https:\/\/aurorastoneandgravel.com\/es\/wp-json\/wp\/v2\/types\/product"}],"wp:featuredmedia":[{"embeddable":true,"href":"https:\/\/aurorastoneandgravel.com\/es\/wp-json\/wp\/v2\/media\/421"}],"wp:attachment":[{"href":"https:\/\/aurorastoneandgravel.com\/es\/wp-json\/wp\/v2\/media?parent=422"}],"wp:term":[{"taxonomy":"category","embeddable":true,"href":"https:\/\/aurorastoneandgravel.com\/es\/wp-json\/wp\/v2\/categories?post=422"}],"curies":[{"name":"wp","href":"https:\/\/api.w.org\/{rel}","templated":true}]}}